{"id":1254,"date":"2023-09-28T20:35:35","date_gmt":"2023-09-28T20:35:35","guid":{"rendered":"https:\/\/xn--momcommunication-dqb.fr\/?page_id=1254"},"modified":"2025-02-14T16:52:43","modified_gmt":"2025-02-14T16:52:43","slug":"creation-graphique-site-web","status":"publish","type":"page","link":"https:\/\/momecommunication.fr\/?page_id=1254","title":{"rendered":"CR\u00c9ATION GRAPHIQUE &#038; SITE WEB"},"content":{"rendered":"\n<p>Je cr\u00e9e des \u00e9l\u00e9ments graphiques attrayants, coh\u00e9rents et efficaces pour divers supports de communication. La cr\u00e9ation graphique est essentielle pour affirmer une image de marque forte, vous d\u00e9marquer et capter l\u2019attention de vos cibles.<\/p>\n\n\n\n<p>Que vous ayez besoin d\u2019un logo, d\u2019une charte graphique, de cartes de visite, de goodies, de flyers, d\u2019affiches \u00e9v\u00e9nementielles ou de banni\u00e8res, je suis l\u00e0 pour donner vie \u00e0 vos id\u00e9es.<\/p>\n\n\n\n<p>Chaque design est soigneusement con\u00e7u pour refl\u00e9ter votre identit\u00e9 de marque de mani\u00e8re percutante et m\u00e9morable.<\/p>\n\n\n\n<p>Pour chaque projet, nous d\u00e9butons par une r\u00e9union en distanciel ou en pr\u00e9sentiel afin de d\u00e9finir ensemble une formule sur mesure, parfaitement adapt\u00e9e \u00e0 votre entreprise et \u00e0 vos objectifs.<\/p>\n","protected":false},"excerpt":{"rendered":"<p>Je cr\u00e9e des \u00e9l\u00e9ments graphiques attrayants, coh\u00e9rents et efficaces pour divers supports de communication. La cr\u00e9ation graphique est essentielle pour [&hellip;]<\/p>\n","protected":false},"author":1,"featured_media":0,"parent":0,"menu_order":0,"comment_status":"closed","ping_status":"closed","template":"elementor_header_footer","meta":{"_seopress_robots_primary_cat":"","om_disable_all_campaigns":false,"_uag_custom_page_level_css":"","_monsterinsights_skip_tracking":false,"_monsterinsights_sitenote_active":false,"_monsterinsights_sitenote_note":"","_monsterinsights_sitenote_category":0,"site-sidebar-layout":"default","site-content-layout":"","ast-site-content-layout":"default","site-content-style":"default","site-sidebar-style":"default","ast-global-header-display":"","ast-banner-title-visibility":"","ast-main-header-display":"","ast-hfb-above-header-display":"","ast-hfb-below-header-display":"","ast-hfb-mobile-header-display":"","site-post-title":"","ast-breadcrumbs-content":"","ast-featured-img":"","footer-sml-layout":"","ast-disable-related-posts":"","theme-transparent-header-meta":"","adv-header-id-meta":"","stick-header-meta":"","header-above-stick-meta":"","header-main-stick-meta":"","header-below-stick-meta":"","astra-migrate-meta-layouts":"default","ast-page-background-enabled":"default","ast-page-background-meta":{"desktop":{"background-color":"var(--ast-global-color-5)","background-image":"","background-repeat":"repeat","background-position":"center center","background-size":"auto","background-attachment":"scroll","background-type":"","background-media":"","overlay-type":"","overlay-color":"","overlay-opacity":"","overlay-gradient":""},"tablet":{"background-color":"","background-image":"","background-repeat":"repeat","background-position":"center center","background-size":"auto","background-attachment":"scroll","background-type":"","background-media":"","overlay-type":"","overlay-color":"","overlay-opacity":"","overlay-gradient":""},"mobile":{"background-color":"","background-image":"","background-repeat":"repeat","background-position":"center center","background-size":"auto","background-attachment":"scroll","background-type":"","background-media":"","overlay-type":"","overlay-color":"","overlay-opacity":"","overlay-gradient":""}},"ast-content-background-meta":{"desktop":{"background-color":"var(--ast-global-color-4)","background-image":"","background-repeat":"repeat","background-position":"center center","background-size":"auto","background-attachment":"scroll","background-type":"","background-media":"","overlay-type":"","overlay-color":"","overlay-opacity":"","overlay-gradient":""},"tablet":{"background-color":"var(--ast-global-color-4)","background-image":"","background-repeat":"repeat","background-position":"center center","background-size":"auto","background-attachment":"scroll","background-type":"","background-media":"","overlay-type":"","overlay-color":"","overlay-opacity":"","overlay-gradient":""},"mobile":{"background-color":"var(--ast-global-color-4)","background-image":"","background-repeat":"repeat","background-position":"center center","background-size":"auto","background-attachment":"scroll","background-type":"","background-media":"","overlay-type":"","overlay-color":"","overlay-opacity":"","overlay-gradient":""}},"footnotes":""},"class_list":["post-1254","page","type-page","status-publish","hentry"],"aioseo_notices":[],"yoast_head":"<!-- This site is optimized with the Yoast SEO plugin v21.2 - https:\/\/yoast.com\/wordpress\/plugins\/seo\/ -->\n<title>CR\u00c9ATION GRAPHIQUE &amp; SITE WEB -<\/title>\n<meta name=\"description\" content=\"Cr\u00e9ation graphique, sites web, et newsletters sur mesure pour une pr\u00e9sence en ligne impactante. Contactez-moi pour discuter de vos besoins.\" \/>\n<meta name=\"robots\" content=\"index, follow, max-snippet:-1, max-image-preview:large, max-video-preview:-1\" \/>\n<link rel=\"canonical\" href=\"https:\/\/momecommunication.fr\/?page_id=1254\" \/>\n<meta property=\"og:locale\" content=\"fr_FR\" \/>\n<meta property=\"og:type\" content=\"article\" \/>\n<meta property=\"og:title\" content=\"CR\u00c9ATION GRAPHIQUE &amp; SITE WEB -\" \/>\n<meta property=\"og:description\" content=\"Cr\u00e9ation graphique, sites web, et newsletters sur mesure pour une pr\u00e9sence en ligne impactante. Contactez-moi pour discuter de vos besoins.\" \/>\n<meta property=\"og:url\" content=\"https:\/\/momecommunication.fr\/?page_id=1254\" \/>\n<meta property=\"article:publisher\" content=\"https:\/\/www.facebook.com\/profile.php?id=61551229767623\" \/>\n<meta property=\"article:modified_time\" content=\"2025-02-14T16:52:43+00:00\" \/>\n<meta name=\"twitter:card\" content=\"summary_large_image\" \/>\n<meta name=\"twitter:label1\" content=\"Dur\u00e9e de lecture estim\u00e9e\" \/>\n\t<meta name=\"twitter:data1\" content=\"1 minute\" \/>\n<script type=\"application\/ld+json\" class=\"yoast-schema-graph\">{\"@context\":\"https:\/\/schema.org\",\"@graph\":[{\"@type\":\"WebPage\",\"@id\":\"https:\/\/momecommunication.fr\/?page_id=1254\",\"url\":\"https:\/\/momecommunication.fr\/?page_id=1254\",\"name\":\"CR\u00c9ATION GRAPHIQUE & SITE WEB -\",\"isPartOf\":{\"@id\":\"https:\/\/momecommunication.fr\/#website\"},\"datePublished\":\"2023-09-28T20:35:35+00:00\",\"dateModified\":\"2025-02-14T16:52:43+00:00\",\"description\":\"Cr\u00e9ation graphique, sites web, et newsletters sur mesure pour une pr\u00e9sence en ligne impactante. Contactez-moi pour discuter de vos besoins.\",\"breadcrumb\":{\"@id\":\"https:\/\/momecommunication.fr\/?page_id=1254#breadcrumb\"},\"inLanguage\":\"fr-FR\",\"potentialAction\":[{\"@type\":\"ReadAction\",\"target\":[\"https:\/\/momecommunication.fr\/?page_id=1254\"]}]},{\"@type\":\"BreadcrumbList\",\"@id\":\"https:\/\/momecommunication.fr\/?page_id=1254#breadcrumb\",\"itemListElement\":[{\"@type\":\"ListItem\",\"position\":1,\"name\":\"Accueil\",\"item\":\"https:\/\/momecommunication.fr\/\"},{\"@type\":\"ListItem\",\"position\":2,\"name\":\"CR\u00c9ATION GRAPHIQUE &#038; SITE WEB\"}]},{\"@type\":\"WebSite\",\"@id\":\"https:\/\/momecommunication.fr\/#website\",\"url\":\"https:\/\/momecommunication.fr\/\",\"name\":\"\",\"description\":\"\",\"potentialAction\":[{\"@type\":\"SearchAction\",\"target\":{\"@type\":\"EntryPoint\",\"urlTemplate\":\"https:\/\/momecommunication.fr\/?s={search_term_string}\"},\"query-input\":\"required name=search_term_string\"}],\"inLanguage\":\"fr-FR\"}]}<\/script>\n<!-- \/ Yoast SEO plugin. -->","yoast_head_json":{"title":"CR\u00c9ATION GRAPHIQUE & SITE WEB -","description":"Cr\u00e9ation graphique, sites web, et newsletters sur mesure pour une pr\u00e9sence en ligne impactante. Contactez-moi pour discuter de vos besoins.","robots":{"index":"index","follow":"follow","max-snippet":"max-snippet:-1","max-image-preview":"max-image-preview:large","max-video-preview":"max-video-preview:-1"},"canonical":"https:\/\/momecommunication.fr\/?page_id=1254","og_locale":"fr_FR","og_type":"article","og_title":"CR\u00c9ATION GRAPHIQUE & SITE WEB -","og_description":"Cr\u00e9ation graphique, sites web, et newsletters sur mesure pour une pr\u00e9sence en ligne impactante. Contactez-moi pour discuter de vos besoins.","og_url":"https:\/\/momecommunication.fr\/?page_id=1254","article_publisher":"https:\/\/www.facebook.com\/profile.php?id=61551229767623","article_modified_time":"2025-02-14T16:52:43+00:00","twitter_card":"summary_large_image","twitter_misc":{"Dur\u00e9e de lecture estim\u00e9e":"1 minute"},"schema":{"@context":"https:\/\/schema.org","@graph":[{"@type":"WebPage","@id":"https:\/\/momecommunication.fr\/?page_id=1254","url":"https:\/\/momecommunication.fr\/?page_id=1254","name":"CR\u00c9ATION GRAPHIQUE & SITE WEB -","isPartOf":{"@id":"https:\/\/momecommunication.fr\/#website"},"datePublished":"2023-09-28T20:35:35+00:00","dateModified":"2025-02-14T16:52:43+00:00","description":"Cr\u00e9ation graphique, sites web, et newsletters sur mesure pour une pr\u00e9sence en ligne impactante. Contactez-moi pour discuter de vos besoins.","breadcrumb":{"@id":"https:\/\/momecommunication.fr\/?page_id=1254#breadcrumb"},"inLanguage":"fr-FR","potentialAction":[{"@type":"ReadAction","target":["https:\/\/momecommunication.fr\/?page_id=1254"]}]},{"@type":"BreadcrumbList","@id":"https:\/\/momecommunication.fr\/?page_id=1254#breadcrumb","itemListElement":[{"@type":"ListItem","position":1,"name":"Accueil","item":"https:\/\/momecommunication.fr\/"},{"@type":"ListItem","position":2,"name":"CR\u00c9ATION GRAPHIQUE &#038; SITE WEB"}]},{"@type":"WebSite","@id":"https:\/\/momecommunication.fr\/#website","url":"https:\/\/momecommunication.fr\/","name":"","description":"","potentialAction":[{"@type":"SearchAction","target":{"@type":"EntryPoint","urlTemplate":"https:\/\/momecommunication.fr\/?s={search_term_string}"},"query-input":"required name=search_term_string"}],"inLanguage":"fr-FR"}]}},"uagb_featured_image_src":{"full":false,"thumbnail":false,"medium":false,"medium_large":false,"large":false,"1536x1536":false,"2048x2048":false},"uagb_author_info":{"display_name":"MOM_admin","author_link":"https:\/\/momecommunication.fr\/?author=1"},"uagb_comment_info":0,"uagb_excerpt":"Je cr\u00e9e des \u00e9l\u00e9ments graphiques attrayants, coh\u00e9rents et efficaces pour divers supports de communication. La cr\u00e9ation graphique est essentielle pour [&hellip;]","_links":{"self":[{"href":"https:\/\/momecommunication.fr\/index.php?rest_route=\/wp\/v2\/pages\/1254","targetHints":{"allow":["GET"]}}],"collection":[{"href":"https:\/\/momecommunication.fr\/index.php?rest_route=\/wp\/v2\/pages"}],"about":[{"href":"https:\/\/momecommunication.fr\/index.php?rest_route=\/wp\/v2\/types\/page"}],"author":[{"embeddable":true,"href":"https:\/\/momecommunication.fr\/index.php?rest_route=\/wp\/v2\/users\/1"}],"replies":[{"embeddable":true,"href":"https:\/\/momecommunication.fr\/index.php?rest_route=%2Fwp%2Fv2%2Fcomments&post=1254"}],"version-history":[{"count":78,"href":"https:\/\/momecommunication.fr\/index.php?rest_route=\/wp\/v2\/pages\/1254\/revisions"}],"predecessor-version":[{"id":2002,"href":"https:\/\/momecommunication.fr\/index.php?rest_route=\/wp\/v2\/pages\/1254\/revisions\/2002"}],"wp:attachment":[{"href":"https:\/\/momecommunication.fr\/index.php?rest_route=%2Fwp%2Fv2%2Fmedia&parent=1254"}],"curies":[{"name":"wp","href":"https:\/\/api.w.org\/{rel}","templated":true}]}}